{"id":1488,"date":"2015-04-22T09:37:48","date_gmt":"2015-04-22T09:37:48","guid":{"rendered":"http:\/\/www.dei-danner.de\/?page_id=1488"},"modified":"2016-09-28T06:10:01","modified_gmt":"2016-09-28T06:10:01","slug":"termine","status":"publish","type":"page","link":"https:\/\/www.dei-danner.de\/?page_id=1488","title":{"rendered":"Termine"},"content":{"rendered":"<h2>2017<\/h2>\n<p><strong>25.2.2017<\/strong> \u2013 Wintergang<br \/>\n<strong>29.4.2017<\/strong> \u2013 Wachh\u00e4uschen\u00fcbergabe<\/p>\n<h2>2016<\/h2>\n<figure id=\"attachment_2029\" aria-describedby=\"caption-attachment-2029\" style=\"width: 409px\" class=\"wp-caption alignnone\"><a href=\"https:\/\/www.dei-danner.de\/?attachment_id=2029\" rel=\"attachment wp-att-2029\"><img loading=\"lazy\" decoding=\"async\" class=\"wp-image-2029 size-full\" src=\"https:\/\/www.dei-danner.de\/wp-content\/uploads\/2015\/04\/plakat_schuetzenfest_2016.jpg\" alt=\"plakat_schuetzenfest_2016\" width=\"409\" height=\"250\" srcset=\"https:\/\/www.dei-danner.de\/wp-content\/uploads\/2015\/04\/plakat_schuetzenfest_2016.jpg 409w, https:\/\/www.dei-danner.de\/wp-content\/uploads\/2015\/04\/plakat_schuetzenfest_2016-300x183.jpg 300w\" sizes=\"auto, (max-width: 409px) 100vw, 409px\" \/><\/a><figcaption id=\"caption-attachment-2029\" class=\"wp-caption-text\">Den Kompaniebefehl findet ihr im Archiv.<\/figcaption><\/figure>\n<hr \/>\n<p><strong>30.1.2016 \u2013 <\/strong>Lohner Sch\u00fctzen-\/K\u00f6nigsball, ab 19.30 Uhr im Saal R\u00f6mann<br \/>\n<strong>5.2.2016 \u2013 <\/strong>Generalversammlung 5. Kp. III. Zug, BWL-Sportlerheim, ab 20.00 Uhr<br \/>\n<strong>10.3.2016<\/strong> \u2013 Generalversammlung Sch\u00fctzenverein, ab 19.00 Uhr<br \/>\n<strong>16.4.2016<\/strong> \u2013\u00a0Wachh\u00e4uschen\u00fcbergabe, Treffen 18.30 Uhr bei Seelhorst (Bokerner Stra\u00dfe 11)<br \/>\n<strong>8.5.2016<\/strong> \u2013 Sch\u00fctzenfest Bokern M\u00e4rschendorf, Ausmarsch 14.00 Uhr, <strong>vorher Kompaniefototermin!<\/strong><br \/>\n<strong>12.5.2016<\/strong> \u2013 Zapfenstreich, 20.00 Uhr, Bistro Heinz<br \/>\n<strong>21.5.2016<\/strong> \u2013 Jubil\u00e4um des zweiten Zuges der Danner, ab 18.00 Uhr, Heinz-Dettmer-Stadion<br \/>\n<strong>10.6.2016<\/strong> \u2013 Vorbereitungsarbeiten f\u00fcr das Benefiz-K\u00f6nigsfest, Rie\u00dfeler Dorfplatz, ab 14.15 Uhr<br \/>\n<strong>11.6.2016<\/strong> \u2013 Benefiz-K\u00f6nigsfest des Sch\u00fctzenthrons, Rie\u00dfeler Dorfplatz, ab 18.30 Uhr<br \/>\n<strong>25.6.2016<\/strong> \u2013 Kompanieversammlung, 20.00 Uhr, Abpfiff im Heinz-Dettmer-Stadion<br \/>\n<strong>2.7.2016<\/strong> \u2013 Fahnehissen beim Hauptmann, stellv. Pr\u00e4sidenten, Ehrenpr\u00e4sidenten und Feldwebel<br \/>\n<strong>5.7.2016<\/strong> \u2013 Schm\u00fccken der Josefstra\u00dfe<br \/>\n<strong>6.7.2016<\/strong> \u2013 Fahnehissen beim Bataillonskommandeur, 19.30 Uhr Treffen bei Bruno Kleine<br \/>\n<strong>7.7.2016<\/strong> \u2013 Thronaufbau auf dem Sch\u00fctzenplatz, 14.00 Uhr; Schm\u00fccken der Kutsche bei Fischer, 18.30 Uhr<br \/>\n<strong>8.7.2016<\/strong> \u2013 Kr\u00e4nzchen beim K\u00f6nig, 19.00 Uhr bei Matthias Thierbach<br \/>\n<strong>1.10.2016<\/strong> \u2013 Bataillonspokalschie\u00dfen, 14.00 Uhr, Sch\u00fctzenhalle<br \/>\n<strong>22.10.2016<\/strong> \u2013\u00a0Generalversammlung in unserem\u00a0Kompanielokal, 20.00 Uhr<br \/>\n<strong>19.11.2016<\/strong> \u2013 66. Mann\u00f6ver- und Bataillonsball, 19.30 Uhr, Saal Hoyer<\/p>\n","protected":false},"excerpt":{"rendered":"<p>2017 25.2.2017 \u2013 Wintergang 29.4.2017 \u2013 Wachh\u00e4uschen\u00fcbergabe 2016 30.1.2016 \u2013 Lohner Sch\u00fctzen-\/K\u00f6nigsball, ab 19.30 Uhr im Saal R\u00f6mann 5.2.2016 \u2013 Generalversammlung 5. Kp. III. Zug, BWL-Sportlerheim, ab 20.00 Uhr 10.3.2016 \u2013 Generalversammlung Sch\u00fctzenverein, ab 19.00 Uhr 16.4.2016 \u2013\u00a0Wachh\u00e4uschen\u00fcbergabe, Treffen 18.30 Uhr bei Seelhorst (Bokerner Stra\u00dfe 11) 8.5.2016 \u2013 Sch\u00fctzenfest Bokern M\u00e4rschendorf, Ausmarsch 14.00 Uhr, vorher&hellip;<\/p>\n","protected":false},"author":1,"featured_media":0,"parent":0,"menu_order":0,"comment_status":"closed","ping_status":"closed","template":"","meta":{"footnotes":""},"class_list":["post-1488","page","type-page","status-publish","hentry"],"_links":{"self":[{"href":"https:\/\/www.dei-danner.de\/index.php?rest_route=\/wp\/v2\/pages\/1488","targetHints":{"allow":["GET"]}}],"collection":[{"href":"https:\/\/www.dei-danner.de\/index.php?rest_route=\/wp\/v2\/pages"}],"about":[{"href":"https:\/\/www.dei-danner.de\/index.php?rest_route=\/wp\/v2\/types\/page"}],"author":[{"embeddable":true,"href":"https:\/\/www.dei-danner.de\/index.php?rest_route=\/wp\/v2\/users\/1"}],"replies":[{"embeddable":true,"href":"https:\/\/www.dei-danner.de\/index.php?rest_route=%2Fwp%2Fv2%2Fcomments&post=1488"}],"version-history":[{"count":24,"href":"https:\/\/www.dei-danner.de\/index.php?rest_route=\/wp\/v2\/pages\/1488\/revisions"}],"predecessor-version":[{"id":2802,"href":"https:\/\/www.dei-danner.de\/index.php?rest_route=\/wp\/v2\/pages\/1488\/revisions\/2802"}],"wp:attachment":[{"href":"https:\/\/www.dei-danner.de\/index.php?rest_route=%2Fwp%2Fv2%2Fmedia&parent=1488"}],"curies":[{"name":"wp","href":"https:\/\/api.w.org\/{rel}","templated":true}]}}