{"id":199,"date":"2012-06-28T08:47:11","date_gmt":"2012-06-28T08:47:11","guid":{"rendered":"http:\/\/www.dei-danner.de\/?page_id=199"},"modified":"2025-07-07T12:47:56","modified_gmt":"2025-07-07T12:47:56","slug":"archiv","status":"publish","type":"page","link":"https:\/\/www.dei-danner.de\/?page_id=199","title":{"rendered":"Archiv"},"content":{"rendered":"\n<div data-wp-interactive=\"core\/file\" class=\"wp-block-file\"><object data-wp-bind--hidden=\"!state.hasPdfPreview\" hidden class=\"wp-block-file__embed\" data=\"https:\/\/www.dei-danner.de\/wp-content\/uploads\/2024\/07\/Danner-Liederzettel-2024.pdf\" type=\"application\/pdf\" style=\"width:100%;height:600px\" aria-label=\"Einbettung von Danner Liederzettel 2024.\"><\/object><a id=\"wp-block-file--media-e5c8d920-f9e3-4b1d-a7d4-e0fccd5f01bb\" href=\"https:\/\/www.dei-danner.de\/wp-content\/uploads\/2024\/07\/Danner-Liederzettel-2024.pdf\">Danner Liederzettel 2024<\/a><a href=\"https:\/\/www.dei-danner.de\/wp-content\/uploads\/2024\/07\/Danner-Liederzettel-2024.pdf\" class=\"wp-block-file__button wp-element-button\" download aria-describedby=\"wp-block-file--media-e5c8d920-f9e3-4b1d-a7d4-e0fccd5f01bb\">Herunterladen<\/a><\/div>\n\n\n\n<hr class=\"wp-block-separator has-alpha-channel-opacity\"\/>\n\n\n\n<h3 class=\"wp-block-heading\">Kompaniebefehle<\/h3>\n\n\n\n<div data-wp-interactive=\"core\/file\" class=\"wp-block-file\"><object data-wp-bind--hidden=\"!state.hasPdfPreview\" hidden class=\"wp-block-file__embed\" data=\"https:\/\/www.dei-danner.de\/wp-content\/uploads\/2025\/06\/Kompaniebefehl_2025.pdf\" type=\"application\/pdf\" style=\"width:100%;height:600px\" aria-label=\"Einbettung von Kompaniebefehl_2025.\"><\/object><a id=\"wp-block-file--media-9fb90693-f598-48be-a164-b2eb6e134802\" href=\"https:\/\/www.dei-danner.de\/wp-content\/uploads\/2025\/06\/Kompaniebefehl_2025.pdf\">Kompaniebefehl_2025<\/a><a href=\"https:\/\/www.dei-danner.de\/wp-content\/uploads\/2025\/06\/Kompaniebefehl_2025.pdf\" class=\"wp-block-file__button wp-element-button\" download aria-describedby=\"wp-block-file--media-9fb90693-f598-48be-a164-b2eb6e134802\">Herunterladen<\/a><\/div>\n\n\n\n<p><a href=\"https:\/\/www.dei-danner.de\/wp-content\/uploads\/2024\/07\/Kompaniebefehl2024.pdf\">Kompaniebefehl 2024<\/a><br><a href=\"https:\/\/www.dei-danner.de\/wp-content\/uploads\/2023\/06\/Kompaniebefehl2023.pdf\" data-type=\"link\" data-id=\"https:\/\/www.dei-danner.de\/wp-content\/uploads\/2023\/06\/Kompaniebefehl2023.pdf\">Kompaniebefehl 2023<\/a><br><a href=\"https:\/\/www.dei-danner.de\/wp-content\/uploads\/2022\/06\/Kompaniebefehl-2022.pdf\">Kompaniebefehl 2022<\/a><br><a href=\"https:\/\/www.dei-danner.de\/wp-content\/uploads\/2019\/07\/Kompaniebefehl-2019.pdf\">Kompaniebefehl 2019<\/a><br><a href=\"https:\/\/www.dei-danner.de\/wp-content\/uploads\/2018\/06\/Kompaniebefehl-2018.pdf\">Kompaniebefehl 2018<\/a><br><a href=\"https:\/\/www.dei-danner.de\/wp-content\/uploads\/2017\/06\/Kompaniebefehl2017.pdf\">Kompaniebefehl 2017<\/a><br><a href=\"https:\/\/www.dei-danner.de\/wp-content\/uploads\/2012\/06\/Befehl2016.pdf\">Kompaniebefehl 2016<\/a><br><a href=\"https:\/\/www.dei-danner.de\/wp-content\/uploads\/2015\/06\/Kompaniebefehl2015.pdf\">Kompaniebefehl 2015<\/a><\/p>\n\n\n\n<div data-wp-interactive=\"core\/file\" class=\"wp-block-file\"><object data-wp-bind--hidden=\"!state.hasPdfPreview\" hidden class=\"wp-block-file__embed\" data=\"https:\/\/www.dei-danner.de\/wp-content\/uploads\/2024\/07\/Frauentour2024.pdf\" type=\"application\/pdf\" style=\"width:100%;height:600px\" aria-label=\"Einbettung von Frauentour2024.\"><\/object><a id=\"wp-block-file--media-11008420-9c23-491e-a4df-21bbb3c44a6a\" href=\"https:\/\/www.dei-danner.de\/wp-content\/uploads\/2024\/07\/Frauentour2024.pdf\">Frauentour2024<\/a><a href=\"https:\/\/www.dei-danner.de\/wp-content\/uploads\/2024\/07\/Frauentour2024.pdf\" class=\"wp-block-file__button wp-element-button\" download aria-describedby=\"wp-block-file--media-11008420-9c23-491e-a4df-21bbb3c44a6a\">Herunterladen<\/a><\/div>\n\n\n\n<p><a href=\"https:\/\/www.dei-danner.de\/wp-content\/uploads\/2023\/06\/Frauentour2023.pdf\" data-type=\"link\" data-id=\"https:\/\/www.dei-danner.de\/wp-content\/uploads\/2023\/06\/Frauentour2023.pdf\">Frauentour 2023<\/a><br><a href=\"https:\/\/www.dei-danner.de\/wp-content\/uploads\/2019\/07\/Frauentour-2019.pdf\">Frauentour 2019<\/a><br><a href=\"https:\/\/www.dei-danner.de\/wp-content\/uploads\/2018\/06\/Frauentour-2018.pdf\">Frauentour 2018<\/a><br><a href=\"https:\/\/www.dei-danner.de\/wp-content\/uploads\/2017\/06\/Frauentour2017.pdf\">Frauentour 2017<\/a><\/p>\n\n\n\n<hr class=\"wp-block-separator has-alpha-channel-opacity\"\/>\n\n\n\n<h3 class=\"wp-block-heading\">Chroniken als Pdf<\/h3>\n\n\n\n<p><a href=\"https:\/\/www.dei-danner.de\/wp-content\/uploads\/2014\/07\/57-87.pdf\"><img loading=\"lazy\" decoding=\"async\" width=\"213\" height=\"300\" class=\"alignnone size-medium wp-image-1466\" src=\"https:\/\/www.dei-danner.de\/wp-content\/uploads\/2012\/06\/chronik57-87-blatt-213x300.jpg\" alt=\"chronik57-87-blatt\" srcset=\"https:\/\/www.dei-danner.de\/wp-content\/uploads\/2012\/06\/chronik57-87-blatt-213x300.jpg 213w, https:\/\/www.dei-danner.de\/wp-content\/uploads\/2012\/06\/chronik57-87-blatt.jpg 600w\" sizes=\"auto, (max-width: 213px) 100vw, 213px\" \/><\/a> &nbsp;&nbsp; <a href=\"https:\/\/www.dei-danner.de\/wp-content\/uploads\/2014\/07\/88-92.pdf\"><img loading=\"lazy\" decoding=\"async\" width=\"213\" height=\"300\" class=\"alignnone size-medium wp-image-1469\" src=\"https:\/\/www.dei-danner.de\/wp-content\/uploads\/2012\/06\/chronik88-92-blatt-213x300.jpg\" alt=\"chronik88-92-blatt\" srcset=\"https:\/\/www.dei-danner.de\/wp-content\/uploads\/2012\/06\/chronik88-92-blatt-213x300.jpg 213w, https:\/\/www.dei-danner.de\/wp-content\/uploads\/2012\/06\/chronik88-92-blatt.jpg 600w\" sizes=\"auto, (max-width: 213px) 100vw, 213px\" \/><\/a><br><a href=\"https:\/\/www.dei-danner.de\/wp-content\/uploads\/2014\/07\/57-87.pdf\">Danner-Chronik (1957 \u2013 1987<\/a><br><a href=\"https:\/\/www.dei-danner.de\/wp-content\/uploads\/2014\/07\/88-92.pdf\">Danner-Chronik (1988 \u2013 1992<\/a><\/p>\n\n\n\n<figure class=\"wp-block-image size-medium\"><a data-size=\"860x1220\" href=\"https:\/\/www.dei-danner.de\/wp-content\/uploads\/2022\/07\/Chronik1993.png\"><img loading=\"lazy\" decoding=\"async\" width=\"211\" height=\"300\" src=\"https:\/\/www.dei-danner.de\/wp-content\/uploads\/2022\/07\/Chronik1993-211x300.png\" alt=\"\" class=\"wp-image-4707\" srcset=\"https:\/\/www.dei-danner.de\/wp-content\/uploads\/2022\/07\/Chronik1993-211x300.png 211w, https:\/\/www.dei-danner.de\/wp-content\/uploads\/2022\/07\/Chronik1993-722x1024.png 722w, https:\/\/www.dei-danner.de\/wp-content\/uploads\/2022\/07\/Chronik1993-768x1089.png 768w, https:\/\/www.dei-danner.de\/wp-content\/uploads\/2022\/07\/Chronik1993-809x1148.png 809w, https:\/\/www.dei-danner.de\/wp-content\/uploads\/2022\/07\/Chronik1993.png 860w\" sizes=\"auto, (max-width: 211px) 100vw, 211px\" \/><\/a><\/figure>\n\n\n\n<div class=\"wp-block-file\"><a id=\"wp-block-file--media-5e5f7512-9a1a-4b12-a4df-e78cd6f0dea2\" href=\"https:\/\/www.dei-danner.de\/wp-content\/uploads\/2022\/07\/Danner-Chronik-1993-\u2013-1997-Teil-1.pdf\">Danner Chronik 1993 \u2013 1997 Teil 1<\/a><a href=\"https:\/\/www.dei-danner.de\/wp-content\/uploads\/2022\/07\/Danner-Chronik-1993-\u2013-1997-Teil-1.pdf\" class=\"wp-block-file__button wp-element-button\" download aria-describedby=\"wp-block-file--media-5e5f7512-9a1a-4b12-a4df-e78cd6f0dea2\">Herunterladen<\/a><\/div>\n\n\n\n<div class=\"wp-block-file\"><a id=\"wp-block-file--media-ea15fd0b-cf04-4b42-93c7-fd34b343cdda\" href=\"https:\/\/www.dei-danner.de\/wp-content\/uploads\/2022\/07\/Danner-Chronik-1993-\u2013-1997-Teil-2.pdf\">Danner Chronik 1993 \u2013 1997 Teil 2<\/a><a href=\"https:\/\/www.dei-danner.de\/wp-content\/uploads\/2022\/07\/Danner-Chronik-1993-\u2013-1997-Teil-2.pdf\" class=\"wp-block-file__button wp-element-button\" download aria-describedby=\"wp-block-file--media-ea15fd0b-cf04-4b42-93c7-fd34b343cdda\">Herunterladen<\/a><\/div>\n\n\n\n<hr class=\"wp-block-separator has-alpha-channel-opacity\"\/>\n\n\n\n<h3 class=\"wp-block-heading\">Sch\u00fctzenfestzeitungen<\/h3>\n\n\n\n<p><a href=\"https:\/\/www.dei-danner.de\/wp-content\/uploads\/2012\/06\/zeitung2004.pdf\">Sch\u00fctzenfestzeitung 2004<\/a><br><a href=\"https:\/\/www.dei-danner.de\/wp-content\/uploads\/2012\/06\/zeitung2005.pdf\">Sch\u00fctzenfestzeitung 2005<\/a><br><a href=\"https:\/\/www.dei-danner.de\/wp-content\/uploads\/2012\/06\/zeitung2007.pdf\">Sch\u00fctzenfestzeitung 2007<\/a><br><a href=\"https:\/\/www.dei-danner.de\/wp-content\/uploads\/2012\/06\/zeitung2008.pdf\">Sch\u00fctzenfestzeitung 2008<\/a><br><a href=\"https:\/\/www.dei-danner.de\/wp-content\/uploads\/2012\/06\/zeitung2009.pdf\">Sch\u00fctzenfestzeitung 2009<\/a><br><a href=\"https:\/\/www.dei-danner.de\/wp-content\/uploads\/2012\/06\/zeitung2011.pdf\">Sch\u00fctzenfestzeitung 2011<\/a><br><a href=\"https:\/\/www.dei-danner.de\/wp-content\/uploads\/2012\/06\/zeitung2012.pdf\">Sch\u00fctzenfestzeitung 2012<\/a><br><a href=\"https:\/\/www.dei-danner.de\/wp-content\/zeitung2013.pdf\">Sch\u00fctzenfestzeitung 2013<\/a><br><a href=\"https:\/\/www.dei-danner.de\/wp-content\/uploads\/2015\/06\/2014.pdf\">Sch\u00fctzenfestzeitung 2014<\/a><\/p>\n\n\n\n<hr class=\"wp-block-separator has-alpha-channel-opacity\"\/>\n\n\n\n<h3 class=\"wp-block-heading\">Videos<\/h3>\n\n\n\n<figure class=\"wp-block-image\"><img decoding=\"async\" src=\"https:\/\/www.dei-danner.de\/wp-content\/uploads\/2014\/07\/cwc-e1404758506562-300x207.png\" alt=\"cwc\" class=\"wp-image-1143\"\/><\/figure>\n","protected":false},"excerpt":{"rendered":"<p>Kompaniebefehle Kompaniebefehl 2024Kompaniebefehl 2023Kompaniebefehl 2022Kompaniebefehl 2019Kompaniebefehl 2018Kompaniebefehl 2017Kompaniebefehl 2016Kompaniebefehl 2015 Frauentour 2023Frauentour 2019Frauentour 2018Frauentour 2017 Chroniken als Pdf &nbsp;&nbsp; Danner-Chronik (1957 \u2013 1987Danner-Chronik (1988 \u2013 1992 Sch\u00fctzenfestzeitungen Sch\u00fctzenfestzeitung 2004Sch\u00fctzenfestzeitung 2005Sch\u00fctzenfestzeitung 2007Sch\u00fctzenfestzeitung 2008Sch\u00fctzenfestzeitung 2009Sch\u00fctzenfestzeitung 2011Sch\u00fctzenfestzeitung 2012Sch\u00fctzenfestzeitung 2013Sch\u00fctzenfestzeitung 2014 Videos<\/p>\n","protected":false},"author":1,"featured_media":0,"parent":0,"menu_order":0,"comment_status":"closed","ping_status":"closed","template":"","meta":{"footnotes":""},"class_list":["post-199","page","type-page","status-publish","hentry"],"_links":{"self":[{"href":"https:\/\/www.dei-danner.de\/index.php?rest_route=\/wp\/v2\/pages\/199","targetHints":{"allow":["GET"]}}],"collection":[{"href":"https:\/\/www.dei-danner.de\/index.php?rest_route=\/wp\/v2\/pages"}],"about":[{"href":"https:\/\/www.dei-danner.de\/index.php?rest_route=\/wp\/v2\/types\/page"}],"author":[{"embeddable":true,"href":"https:\/\/www.dei-danner.de\/index.php?rest_route=\/wp\/v2\/users\/1"}],"replies":[{"embeddable":true,"href":"https:\/\/www.dei-danner.de\/index.php?rest_route=%2Fwp%2Fv2%2Fcomments&post=199"}],"version-history":[{"count":70,"href":"https:\/\/www.dei-danner.de\/index.php?rest_route=\/wp\/v2\/pages\/199\/revisions"}],"predecessor-version":[{"id":5514,"href":"https:\/\/www.dei-danner.de\/index.php?rest_route=\/wp\/v2\/pages\/199\/revisions\/5514"}],"wp:attachment":[{"href":"https:\/\/www.dei-danner.de\/index.php?rest_route=%2Fwp%2Fv2%2Fmedia&parent=199"}],"curies":[{"name":"wp","href":"https:\/\/api.w.org\/{rel}","templated":true}]}}