{"id":2095,"date":"2016-06-29T12:01:01","date_gmt":"2016-06-29T12:01:01","guid":{"rendered":"http:\/\/www.dei-danner.de\/?page_id=2095"},"modified":"2016-06-29T19:14:02","modified_gmt":"2016-06-29T19:14:02","slug":"koenige","status":"publish","type":"page","link":"https:\/\/www.dei-danner.de\/?page_id=2095","title":{"rendered":"K\u00f6nige"},"content":{"rendered":"<h3>Lohner Sch\u00fctzenthron 2015\/2016<\/h3>\n<figure id=\"attachment_2096\" aria-describedby=\"caption-attachment-2096\" style=\"width: 700px\" class=\"wp-caption alignnone\"><img loading=\"lazy\" decoding=\"async\" class=\"wp-image-2096 size-full\" src=\"https:\/\/www.dei-danner.de\/wp-content\/uploads\/2016\/06\/thron20152016.jpg\" alt=\"thron20152016\" width=\"700\" height=\"467\" srcset=\"https:\/\/www.dei-danner.de\/wp-content\/uploads\/2016\/06\/thron20152016.jpg 700w, https:\/\/www.dei-danner.de\/wp-content\/uploads\/2016\/06\/thron20152016-300x200.jpg 300w\" sizes=\"auto, (max-width: 700px) 100vw, 700px\" \/><figcaption id=\"caption-attachment-2096\" class=\"wp-caption-text\">Von links: Nicola Thierbach \u201eF\u00fcrstin vom M\u00fchler Sportplatz\u201c und Marc Thierbach \u201eF\u00fcrst von Handwerk und Tradition\u201c, Jana D\u00f6lle \u201eHerzogin vom Schloss Chemnitz\u201c und Holger D\u00f6lle \u201eHerzog von Distribution und Kommunukation\u201c, Antje Thierbach \u201eK\u00f6nigin vom Erzgebirge\u201c und Matthias Thierbach \u201eK\u00f6nig von Reinigung und Pflege\u201c, Johanna Kruse \u201eBaronin vom Vossberg\u201c und Michael Br\u00e4mswig \u201eBaron von \u00d6l und Logistik\u201c, Irmgrad Kothe \u201eGrafin von der Stegemannstra\u00dfe\u201c und Detlev Kothe \u201eGraf von Einsatzbereitschaft und Sicherheit\u201c, Carina Aumann \u201eFreifrau von der M\u00fchler Sch\u00fctzenstra\u00dfe\u201c und Matthias Aumann \u201eFreiherr von Holz und Handel\u201c<\/figcaption><\/figure>\n<p>Foto: Otmar Rie\u00dfelmann<\/p>\n<h3>Lohner Sch\u00fctzenthron 2003\/2004<\/h3>\n<figure id=\"attachment_2112\" aria-describedby=\"caption-attachment-2112\" style=\"width: 1333px\" class=\"wp-caption alignnone\"><a href=\"https:\/\/www.dei-danner.de\/?attachment_id=2112\" rel=\"attachment wp-att-2112\"><img loading=\"lazy\" decoding=\"async\" class=\"wp-image-2112 size-full\" src=\"https:\/\/www.dei-danner.de\/wp-content\/uploads\/2016\/06\/thron2003b.jpg\" alt=\"thron2003b\" width=\"1333\" height=\"1000\" srcset=\"https:\/\/www.dei-danner.de\/wp-content\/uploads\/2016\/06\/thron2003b.jpg 1333w, https:\/\/www.dei-danner.de\/wp-content\/uploads\/2016\/06\/thron2003b-300x225.jpg 300w, https:\/\/www.dei-danner.de\/wp-content\/uploads\/2016\/06\/thron2003b-768x576.jpg 768w, https:\/\/www.dei-danner.de\/wp-content\/uploads\/2016\/06\/thron2003b-1024x768.jpg 1024w, https:\/\/www.dei-danner.de\/wp-content\/uploads\/2016\/06\/thron2003b-809x607.jpg 809w\" sizes=\"auto, (max-width: 1333px) 100vw, 1333px\" \/><\/a><figcaption id=\"caption-attachment-2112\" class=\"wp-caption-text\">Von links: Jana D\u00f6lle \u201eBaronin von der Augustusburg\u201c und Holger D\u00f6lle \u201eBaron von Distribution und Kommunikation\u201c, Maria Thierbach \u201eHerzogin von Burg Dinklage\u201c und Manfred Thierbach \u201eHerzog von Blitz und Blank\u201c, Nicola Thierbach \u201eK\u00f6nigin vom M\u00fchler Sportplatz\u201c und Marc Thierbach \u201eK\u00f6nig von Glanz und Gloria\u201c, Mechthild Woithe \u201eF\u00fcrstin vom M\u00fchlenkamp\u201c und G\u00fcnther Woithe \u201eF\u00fcrst vom Internationalen Handel\u201c, Nancy M\u00f6ller \u201eGrafin von Cappeln\u201c und Matthias Thierbach \u201eGraf von Reinigung und Pflege\u201c<\/figcaption><\/figure>\n<p>Foto: Otmar Rie\u00dfelmann<\/p>\n","protected":false},"excerpt":{"rendered":"<p>Lohner Sch\u00fctzenthron 2015\/2016 Foto: Otmar Rie\u00dfelmann Lohner Sch\u00fctzenthron 2003\/2004 Foto: Otmar Rie\u00dfelmann<\/p>\n","protected":false},"author":1,"featured_media":0,"parent":19,"menu_order":3,"comment_status":"closed","ping_status":"closed","template":"","meta":{"footnotes":""},"class_list":["post-2095","page","type-page","status-publish","hentry"],"_links":{"self":[{"href":"https:\/\/www.dei-danner.de\/index.php?rest_route=\/wp\/v2\/pages\/2095","targetHints":{"allow":["GET"]}}],"collection":[{"href":"https:\/\/www.dei-danner.de\/index.php?rest_route=\/wp\/v2\/pages"}],"about":[{"href":"https:\/\/www.dei-danner.de\/index.php?rest_route=\/wp\/v2\/types\/page"}],"author":[{"embeddable":true,"href":"https:\/\/www.dei-danner.de\/index.php?rest_route=\/wp\/v2\/users\/1"}],"replies":[{"embeddable":true,"href":"https:\/\/www.dei-danner.de\/index.php?rest_route=%2Fwp%2Fv2%2Fcomments&post=2095"}],"version-history":[{"count":10,"href":"https:\/\/www.dei-danner.de\/index.php?rest_route=\/wp\/v2\/pages\/2095\/revisions"}],"predecessor-version":[{"id":2116,"href":"https:\/\/www.dei-danner.de\/index.php?rest_route=\/wp\/v2\/pages\/2095\/revisions\/2116"}],"up":[{"embeddable":true,"href":"https:\/\/www.dei-danner.de\/index.php?rest_route=\/wp\/v2\/pages\/19"}],"wp:attachment":[{"href":"https:\/\/www.dei-danner.de\/index.php?rest_route=%2Fwp%2Fv2%2Fmedia&parent=2095"}],"curies":[{"name":"wp","href":"https:\/\/api.w.org\/{rel}","templated":true}]}}