{"id":61,"date":"2012-06-20T14:51:44","date_gmt":"2012-06-20T14:51:44","guid":{"rendered":"http:\/\/www.dei-danner.de\/?page_id=61"},"modified":"2025-07-07T06:31:41","modified_gmt":"2025-07-07T06:31:41","slug":"mitgliedschaft","status":"publish","type":"page","link":"https:\/\/www.dei-danner.de\/?page_id=61","title":{"rendered":"Mitgliedschaft"},"content":{"rendered":"\n<figure class=\"wp-block-image size-full\"><a data-size=\"962x626\" href=\"https:\/\/www.dei-danner.de\/wp-content\/uploads\/2012\/06\/sf-1963.png\"><img loading=\"lazy\" decoding=\"async\" width=\"962\" height=\"626\" src=\"https:\/\/www.dei-danner.de\/wp-content\/uploads\/2012\/06\/sf-1963.png\" alt=\"\" class=\"wp-image-2037\" srcset=\"https:\/\/www.dei-danner.de\/wp-content\/uploads\/2012\/06\/sf-1963.png 962w, https:\/\/www.dei-danner.de\/wp-content\/uploads\/2012\/06\/sf-1963-300x195.png 300w, https:\/\/www.dei-danner.de\/wp-content\/uploads\/2012\/06\/sf-1963-768x500.png 768w, https:\/\/www.dei-danner.de\/wp-content\/uploads\/2012\/06\/sf-1963-809x526.png 809w\" sizes=\"auto, (max-width: 962px) 100vw, 962px\" \/><\/a><figcaption>Die Kompanie im Sch\u00fctzenjahr 1963<\/figcaption><\/figure>\n\n\n\n<div style=\"height:50px\" aria-hidden=\"true\" class=\"wp-block-spacer\"><\/div>\n\n\n\n<figure class=\"wp-block-table\"><table><tbody><tr><td class=\"has-text-align-center\" data-align=\"center\">1<\/td><td>Aumann<\/td><td>Stefan<\/td><td class=\"has-text-align-center\" data-align=\"center\">1997<\/td><td class=\"has-text-align-center\" data-align=\"center\">Leutnant<\/td><td class=\"has-text-align-center\" data-align=\"center\">29<\/td><\/tr><tr><td class=\"has-text-align-center\" data-align=\"center\">2<\/td><td>Aumann<\/td><td>Matthias<\/td><td class=\"has-text-align-center\" data-align=\"center\">2001<\/td><td class=\"has-text-align-center\" data-align=\"center\">Leutnant<\/td><td class=\"has-text-align-center\" data-align=\"center\">25<\/td><\/tr><tr><td class=\"has-text-align-center\" data-align=\"center\">3<\/td><td>Bl\u00f6mer<\/td><td>Hans<\/td><td class=\"has-text-align-center\" data-align=\"center\">1959<\/td><td class=\"has-text-align-center\" data-align=\"center\">Hptm.a.D.<\/td><td class=\"has-text-align-center\" data-align=\"center\">67<\/td><\/tr><tr><td class=\"has-text-align-center\" data-align=\"center\">4<\/td><td>Br\u00e4mswig<\/td><td>Ludger<\/td><td class=\"has-text-align-center\" data-align=\"center\">1974<\/td><td class=\"has-text-align-center\" data-align=\"center\">Fw.<\/td><td class=\"has-text-align-center\" data-align=\"center\">52<\/td><\/tr><tr><td class=\"has-text-align-center\" data-align=\"center\">5<\/td><td>Br\u00e4mswig<\/td><td>Michael<\/td><td class=\"has-text-align-center\" data-align=\"center\">2008<\/td><td class=\"has-text-align-center\" data-align=\"center\">Stabs-Uffz.<\/td><td class=\"has-text-align-center\" data-align=\"center\">18<\/td><\/tr><tr><td class=\"has-text-align-center\" data-align=\"center\">6<\/td><td>D\u00f6lle<\/td><td>Holger<\/td><td class=\"has-text-align-center\" data-align=\"center\">2001<\/td><td class=\"has-text-align-center\" data-align=\"center\">Leutnant<\/td><td class=\"has-text-align-center\" data-align=\"center\">25<\/td><\/tr><tr><td class=\"has-text-align-center\" data-align=\"center\">7<\/td><td>Hackmann<\/td><td>Helmut<\/td><td class=\"has-text-align-center\" data-align=\"center\">1974<\/td><td class=\"has-text-align-center\" data-align=\"center\">Fw.a.D.<\/td><td class=\"has-text-align-center\" data-align=\"center\">52<\/td><\/tr><tr><td class=\"has-text-align-center\" data-align=\"center\">8<\/td><td>Hackmann<\/td><td>Philipp<\/td><td class=\"has-text-align-center\" data-align=\"center\">2016<\/td><td class=\"has-text-align-center\" data-align=\"center\">Uffz.<\/td><td class=\"has-text-align-center\" data-align=\"center\">10<\/td><\/tr><tr><td class=\"has-text-align-center\" data-align=\"center\">9<\/td><td>Hinsching<\/td><td>Kevin<\/td><td class=\"has-text-align-center\" data-align=\"center\">2025<\/td><td class=\"has-text-align-center\" data-align=\"center\">Sch\u00fctze<\/td><td class=\"has-text-align-center\" data-align=\"center\">1<\/td><\/tr><tr><td class=\"has-text-align-center\" data-align=\"center\">10<\/td><td>Knospe<\/td><td>Eckhard<\/td><td class=\"has-text-align-center\" data-align=\"center\">1974<\/td><td class=\"has-text-align-center\" data-align=\"center\">Leutnant<\/td><td class=\"has-text-align-center\" data-align=\"center\">52<\/td><\/tr><tr><td class=\"has-text-align-center\" data-align=\"center\">11<\/td><td>Kolhoff<\/td><td>Werner<\/td><td class=\"has-text-align-center\" data-align=\"center\">2008<\/td><td class=\"has-text-align-center\" data-align=\"center\">Uffz.<\/td><td class=\"has-text-align-center\" data-align=\"center\">18<\/td><\/tr><tr><td class=\"has-text-align-center\" data-align=\"center\">12<\/td><td>Lamping<\/td><td>Werner<\/td><td class=\"has-text-align-center\" data-align=\"center\">1984<\/td><td class=\"has-text-align-center\" data-align=\"center\">Uffz.<\/td><td class=\"has-text-align-center\" data-align=\"center\">42<\/td><\/tr><tr><td class=\"has-text-align-center\" data-align=\"center\">13<\/td><td>Lamping<\/td><td>Christoph<\/td><td class=\"has-text-align-center\" data-align=\"center\">2003<\/td><td class=\"has-text-align-center\" data-align=\"center\">Fw.<\/td><td class=\"has-text-align-center\" data-align=\"center\">23<\/td><\/tr><tr><td class=\"has-text-align-center\" data-align=\"center\">14<\/td><td>Lamping<\/td><td>Thomas<\/td><td class=\"has-text-align-center\" data-align=\"center\">2012<\/td><td class=\"has-text-align-center\" data-align=\"center\">Uffz.<\/td><td class=\"has-text-align-center\" data-align=\"center\">14<\/td><\/tr><tr><td class=\"has-text-align-center\" data-align=\"center\">15<\/td><td>Landwehr<\/td><td>Alexander<\/td><td class=\"has-text-align-center\" data-align=\"center\">2016<\/td><td class=\"has-text-align-center\" data-align=\"center\">O.Gefr.<\/td><td class=\"has-text-align-center\" data-align=\"center\">10<\/td><\/tr><tr><td class=\"has-text-align-center\" data-align=\"center\">16<\/td><td>Landwehr<\/td><td>Sebastian<\/td><td class=\"has-text-align-center\" data-align=\"center\">2015<\/td><td class=\"has-text-align-center\" data-align=\"center\">O.Gefr.<\/td><td class=\"has-text-align-center\" data-align=\"center\">11<\/td><\/tr><tr><td class=\"has-text-align-center\" data-align=\"center\">17<\/td><td>L\u00fcbbers<\/td><td>Daniel<\/td><td class=\"has-text-align-center\" data-align=\"center\">2003<\/td><td class=\"has-text-align-center\" data-align=\"center\">Major<\/td><td class=\"has-text-align-center\" data-align=\"center\">23<\/td><\/tr><tr><td class=\"has-text-align-center\" data-align=\"center\">18<\/td><td>Renz<\/td><td>Erich<\/td><td class=\"has-text-align-center\" data-align=\"center\">1976<\/td><td class=\"has-text-align-center\" data-align=\"center\">Uffz.<\/td><td class=\"has-text-align-center\" data-align=\"center\">50<\/td><\/tr><tr><td class=\"has-text-align-center\" data-align=\"center\">19<\/td><td>Rohe<\/td><td>Josef<\/td><td class=\"has-text-align-center\" data-align=\"center\">1977<\/td><td class=\"has-text-align-center\" data-align=\"center\">Uffz.<\/td><td class=\"has-text-align-center\" data-align=\"center\">49<\/td><\/tr><tr><td class=\"has-text-align-center\" data-align=\"center\">20<\/td><td>Scholz<\/td><td>Wolfgang<\/td><td class=\"has-text-align-center\" data-align=\"center\">1993<\/td><td class=\"has-text-align-center\" data-align=\"center\">Uffz.<\/td><td class=\"has-text-align-center\" data-align=\"center\">32<\/td><\/tr><tr><td class=\"has-text-align-center\" data-align=\"center\">21<\/td><td>Sch\u00fcssler<\/td><td>Sven<\/td><td class=\"has-text-align-center\" data-align=\"center\">1995<\/td><td class=\"has-text-align-center\" data-align=\"center\">Oberleutnant<\/td><td class=\"has-text-align-center\" data-align=\"center\">31<\/td><\/tr><tr><td class=\"has-text-align-center\" data-align=\"center\">22<\/td><td>Thierbach<\/td><td>Eric<\/td><td class=\"has-text-align-center\" data-align=\"center\">2022<\/td><td class=\"has-text-align-center\" data-align=\"center\">Gefr.<\/td><td class=\"has-text-align-center\" data-align=\"center\">4<\/td><\/tr><tr><td class=\"has-text-align-center\" data-align=\"center\">23<\/td><td>Thierbach<\/td><td>Felix<\/td><td class=\"has-text-align-center\" data-align=\"center\">2018<\/td><td class=\"has-text-align-center\" data-align=\"center\">O.Gefr.<\/td><td class=\"has-text-align-center\" data-align=\"center\">8<\/td><\/tr><tr><td class=\"has-text-align-center\" data-align=\"center\">24<\/td><td>Thierbach<\/td><td>Manfred<\/td><td class=\"has-text-align-center\" data-align=\"center\">1989<\/td><td class=\"has-text-align-center\" data-align=\"center\">Hptm.a.D.<\/td><td class=\"has-text-align-center\" data-align=\"center\">37<\/td><\/tr><tr><td class=\"has-text-align-center\" data-align=\"center\">25<\/td><td>Thierbach<\/td><td>Marc<\/td><td class=\"has-text-align-center\" data-align=\"center\">1992<\/td><td class=\"has-text-align-center\" data-align=\"center\">Generalmajor<\/td><td class=\"has-text-align-center\" data-align=\"center\">34<\/td><\/tr><tr><td class=\"has-text-align-center\" data-align=\"center\">26<\/td><td>Thierbach<\/td><td>Matthias<\/td><td class=\"has-text-align-center\" data-align=\"center\">1996<\/td><td class=\"has-text-align-center\" data-align=\"center\">Major<\/td><td class=\"has-text-align-center\" data-align=\"center\">30<\/td><\/tr><tr><td class=\"has-text-align-center\" data-align=\"center\">27<\/td><td>Thole<\/td><td>Wolfgang<\/td><td class=\"has-text-align-center\" data-align=\"center\">2015<\/td><td class=\"has-text-align-center\" data-align=\"center\">Hptm.<\/td><td class=\"has-text-align-center\" data-align=\"center\">11<\/td><\/tr><tr><td class=\"has-text-align-center\" data-align=\"center\">28<\/td><td>V\u00f6lker<\/td><td>Christoph<\/td><td class=\"has-text-align-center\" data-align=\"center\">2016<\/td><td class=\"has-text-align-center\" data-align=\"center\">O.Gefr.<\/td><td class=\"has-text-align-center\" data-align=\"center\">10<\/td><\/tr><tr><td class=\"has-text-align-center\" data-align=\"center\">29<\/td><td>Woithe<\/td><td>G\u00fcnther<\/td><td class=\"has-text-align-center\" data-align=\"center\">1986<\/td><td class=\"has-text-align-center\" data-align=\"center\">Generalmajor<\/td><td class=\"has-text-align-center\" data-align=\"center\">40<\/td><\/tr><\/tbody><\/table><figcaption class=\"wp-element-caption\">Stand 2025<\/figcaption><\/figure>\n\n\n\n<p><\/p>\n","protected":false},"excerpt":{"rendered":"<p>1 Aumann Stefan 1997 Leutnant 29 2 Aumann Matthias 2001 Leutnant 25 3 Bl\u00f6mer Hans 1959 Hptm.a.D. 67 4 Br\u00e4mswig Ludger 1974 Fw. 52 5 Br\u00e4mswig Michael 2008 Stabs-Uffz. 18 6 D\u00f6lle Holger 2001 Leutnant 25 7 Hackmann Helmut 1974 Fw.a.D. 52 8 Hackmann Philipp 2016 Uffz. 10 9 Hinsching Kevin 2025 Sch\u00fctze 1 10&hellip;<\/p>\n","protected":false},"author":1,"featured_media":0,"parent":19,"menu_order":0,"comment_status":"closed","ping_status":"closed","template":"","meta":{"footnotes":""},"class_list":["post-61","page","type-page","status-publish","hentry"],"_links":{"self":[{"href":"https:\/\/www.dei-danner.de\/index.php?rest_route=\/wp\/v2\/pages\/61","targetHints":{"allow":["GET"]}}],"collection":[{"href":"https:\/\/www.dei-danner.de\/index.php?rest_route=\/wp\/v2\/pages"}],"about":[{"href":"https:\/\/www.dei-danner.de\/index.php?rest_route=\/wp\/v2\/types\/page"}],"author":[{"embeddable":true,"href":"https:\/\/www.dei-danner.de\/index.php?rest_route=\/wp\/v2\/users\/1"}],"replies":[{"embeddable":true,"href":"https:\/\/www.dei-danner.de\/index.php?rest_route=%2Fwp%2Fv2%2Fcomments&post=61"}],"version-history":[{"count":40,"href":"https:\/\/www.dei-danner.de\/index.php?rest_route=\/wp\/v2\/pages\/61\/revisions"}],"predecessor-version":[{"id":5490,"href":"https:\/\/www.dei-danner.de\/index.php?rest_route=\/wp\/v2\/pages\/61\/revisions\/5490"}],"up":[{"embeddable":true,"href":"https:\/\/www.dei-danner.de\/index.php?rest_route=\/wp\/v2\/pages\/19"}],"wp:attachment":[{"href":"https:\/\/www.dei-danner.de\/index.php?rest_route=%2Fwp%2Fv2%2Fmedia&parent=61"}],"curies":[{"name":"wp","href":"https:\/\/api.w.org\/{rel}","templated":true}]}}